{"id":386,"date":"2026-03-23T10:46:21","date_gmt":"2026-03-23T10:46:21","guid":{"rendered":"https:\/\/corporate.blue-rent.gr\/partnerschaften\/"},"modified":"2026-03-26T08:52:34","modified_gmt":"2026-03-26T08:52:34","slug":"partnerschaften","status":"publish","type":"page","link":"https:\/\/corporate.blue-rent.gr\/de\/partnerschaften\/","title":{"rendered":"Partnerschaften"},"content":{"rendered":"\t\t<div data-elementor-type=\"wp-page\" data-elementor-id=\"386\" class=\"elementor elementor-386 elementor-27\" data-elementor-post-type=\"page\">\n\t\t\t\t<div class=\"elementor-element elementor-element-ce4054c e-flex e-con-boxed e-con e-parent\" data-id=\"ce4054c\" data-element_type=\"container\" data-e-type=\"container\" data-settings=\"{&quot;background_background&quot;:&quot;classic&quot;}\">\n\t\t\t\t\t<div class=\"e-con-inner\">\n\t\t\t\t<div class=\"elementor-element elementor-element-dbc58ad elementor-widget elementor-widget-heading\" data-id=\"dbc58ad\" data-element_type=\"widget\" data-e-type=\"widget\" data-widget_type=\"heading.default\">\n\t\t\t\t\t<h1 class=\"elementor-heading-title elementor-size-default\">Blue Rent Partnerprogramm<\/h1>\t\t\t\t<\/div>\n\t\t\t\t<div class=\"elementor-element elementor-element-1321ec0 elementor-widget elementor-widget-text-editor\" data-id=\"1321ec0\" data-element_type=\"widget\" data-e-type=\"widget\" data-widget_type=\"text-editor.default\">\n\t\t\t\t\t\t\t\t\t<p>Erweitern Sie Ihr Gesch\u00e4ft mit einem zuverl\u00e4ssigen Flottenpartner in Nordgriechenland.<\/p>\n\t\t\t\t\t\t\t\t<\/div>\n\t\t\t\t\t<\/div>\n\t\t\t\t<\/div>\n\t\t<div class=\"elementor-element elementor-element-08fa035 e-flex e-con-boxed e-con e-parent\" data-id=\"08fa035\" data-element_type=\"container\" data-e-type=\"container\">\n\t\t\t\t\t<div class=\"e-con-inner\">\n\t\t\t\t<div class=\"elementor-element elementor-element-39590db elementor-widget elementor-widget-text-editor\" data-id=\"39590db\" data-element_type=\"widget\" data-e-type=\"widget\" data-widget_type=\"text-editor.default\">\n\t\t\t\t\t\t\t\t\t<section class=\"partner-types-rows section-white\">\r\n\t<div class=\"container\">\r\n\t\t<div class=\"b2b-row\">\r\n\t\t\t<div class=\"b2b-image\"><img decoding=\"async\" src=\"\/wp-content\/uploads\/2026\/03\/brokers.jpg\"\r\n\t\t\t\t\talt=\"Blue Rent Partnerchaften mit Brokern &amp; OTAs\" \/><\/div>\r\n\t\t\t<div class=\"b2b-text\">\r\n\t\t\t\t<div class=\"card-icon\">\ud83c\udf10<\/div>\r\n\t\t\t\t<h2>Broker &amp; OTAs<\/h2>\r\n\t\t\t\tWir bieten volle <strong>XML \/ API-Integration<\/strong> f\u00fcr die direkte Anbindung an unsere Flotte.\r\n\t\t\t\tGarantierte Verf\u00fcgbarkeit und Echtzeit-Updates.\r\n\t\t\t\t<ul class=\"check-list\">\r\n\t\t\t\t\t<li>Hohe Provisionss\u00e4tze<\/li>\r\n\t\t\t\t\t<li>Automatisiertes Reporting &amp; Abrechnung<\/li>\r\n\t\t\t\t<\/ul>\r\n\t\t\t<\/div>\r\n\t\t<\/div>\r\n\t\t<div class=\"b2b-row reverse\">\r\n\t\t\t<div class=\"b2b-image\"><img decoding=\"async\" src=\"\/wp-content\/uploads\/2026\/03\/tour.jpg\"\r\n\t\t\t\t\talt=\"Blue Rent Reiseveranstalter &amp; Reiseb\u00fcros\" \/><\/div>\r\n\t\t\t<div class=\"b2b-text\">\r\n\t\t\t\t<div class=\"card-icon\">\u2708\ufe0f<\/div>\r\n\t\t\t\t<h2>Reiseveranstalter &amp; Reiseb\u00fcros<\/h2>\r\n\t\t\t\tSpezialisierte L\u00f6sungen f\u00fcr organisierte Gruppen, Fly &amp; Drive-Pakete und Individualkunden in Thessaloniki und Chalkidiki.\r\n\t\t\t\t<ul class=\"check-list\">\r\n\t\t\t\t\t<li>Spezielle Preislisten<\/li>\r\n\t\t\t\t\t<li>Provisionen und Boni<\/li>\r\n\t\t\t\t\t<li>Pre-booked Buchungen<\/li>\r\n\t\t\t\t<\/ul>\r\n\t\t\t<\/div>\r\n\t\t<\/div>\r\n\t\t<div class=\"b2b-row\">\r\n\t\t\t<div class=\"b2b-image\"><img decoding=\"async\" src=\"\/wp-content\/uploads\/2026\/03\/hotel.jpg\"\r\n\t\t\t\t\talt=\"Blue Rent Partnerschaften mit Hotels &amp; Unterk\u00fcnften\" \/><\/div>\r\n\t\t\t<div class=\"b2b-text\">\r\n\t\t\t\t<div class=\"card-icon\">\ud83c\udfe8<\/div>\r\n\t\t\t\t<h2>Hotels &amp; Unterk\u00fcnfte<\/h2>\r\n\t\t\t\tWerten Sie Ihre Hotelleistungen auf, indem Sie Ihren Kunden eine zuverl\u00e4ssige Autovermietung zu Vorzugskonditionen anbieten.\r\n\t\t\t\t<ul class=\"check-list\">\r\n\t\t\t\t\t<li>Kostenlose Zustellung und Abholung<\/li>\r\n\t\t\t\t\t<li>24-Stunden-Service<\/li>\r\n\t\t\t\t<\/ul>\r\n\t\t\t<\/div>\r\n\t\t<\/div>\r\n\t\t<div class=\"b2b-row reverse\">\r\n\t\t\t<div class=\"b2b-image\"><img decoding=\"async\" src=\"\/wp-content\/uploads\/2026\/03\/carrental.jpg\"\r\n\t\t\t\t\talt=\"Blue Rent Partnerschaften f\u00fcr Untervermietung\" \/><\/div>\r\n\t\t\t<div class=\"b2b-text\">\r\n\t\t\t\t<div class=\"card-icon\">\ud83d\ude97<\/div>\r\n\t\t\t\t<h2>Autovermietungspartnerschaften<\/h2>\r\n\t\t\t\tArbeiten Sie mit Blue Rent zusammen, um Ihren Bedarf in Spitzenzeiten zu decken oder Ihre Flotte zu erweitern (Sub-rentals).\r\n\t\t\t\t<ul class=\"check-list\">\r\n\t\t\t\t\t<li>B2B-Flottenverf\u00fcgbarkeit<\/li>\r\n\t\t\t\t\t<li>Gro\u00dfhandelspreise<\/li>\r\n\t\t\t\t<\/ul>\r\n\t\t\t<\/div>\r\n\t\t<\/div>\r\n\t<\/div>\r\n<\/section>\t\t\t\t\t\t\t\t<\/div>\n\t\t\t\t\t<\/div>\n\t\t\t\t<\/div>\n\t\t<div class=\"elementor-element elementor-element-3ecd6db e-flex e-con-boxed e-con e-parent\" data-id=\"3ecd6db\" data-element_type=\"container\" data-e-type=\"container\" data-settings=\"{&quot;background_background&quot;:&quot;classic&quot;}\">\n\t\t\t\t\t<div class=\"e-con-inner\">\n\t\t\t\t<div class=\"elementor-element elementor-element-26d97ff elementor-widget elementor-widget-text-editor\" data-id=\"26d97ff\" data-element_type=\"widget\" data-e-type=\"widget\" data-widget_type=\"text-editor.default\">\n\t\t\t\t\t\t\t\t\t<section class=\"why-b2b section-grey\">\r\n<div class=\"container\">\r\n<h2>Warum Blue Rent?<\/h2>\r\n<div class=\"features-b2b\">\r\n<div class=\"f-item\">\r\n\r\n<strong>Flotte von \u00fcber 300 Fahrzeugen<\/strong>\r\n\r\nVon Economy-Modellen bis hin zu Luxuswagen und 9-Sitzer-Minivans.\r\n\r\n<\/div>\r\n<div class=\"f-item\">\r\n\r\n<strong>Strategische Pr\u00e4senz<\/strong>\r\n\r\nDirekter Service am Flughafen und in <strong>ganz<\/strong> Chalkidiki.\r\n\r\n<\/div>\r\n<div class=\"f-item\">\r\n\r\n<strong>Keine versteckten Kosten<\/strong>\r\n\r\nTransparente Preisgestaltung ohne versteckte Geb\u00fchren f\u00fcr Ihre Kunden.\r\n\r\n<\/div>\r\n<div class=\"f-item\">\r\n\r\n<strong>Hohe Flexibilit\u00e4t<\/strong>\r\n\r\nUm sofort auf spezielle Anfragen reagieren zu k\u00f6nnen, ohne durch starre Protokolle behindert zu werden.\r\n\r\n<\/div>\r\n<\/div>\r\n<\/div>\r\n<\/section>\t\t\t\t\t\t\t\t<\/div>\n\t\t\t\t<div class=\"elementor-element elementor-element-bee71ad elementor-widget elementor-widget-text-editor\" data-id=\"bee71ad\" data-element_type=\"widget\" data-e-type=\"widget\" id=\"synergasia-form\" data-widget_type=\"text-editor.default\">\n\t\t\t\t\t\t\t\t\t<section id=\"partner-form\" class=\"section-form\">\r\n<div class=\"container\">\r\n<div class=\"form-wrapper\">\r\n<h2>Partnerschaftsanfrage<\/h2>\r\nF\u00fcllen Sie die Daten Ihres Unternehmens aus und ein Vertreter der B2B-Abteilung wird sich mit Ihnen in Verbindung setzen.\r\n<div class=\"contact-form-container-partner\">\n<div class=\"wpcf7 no-js\" id=\"wpcf7-f440-o1\" lang=\"de-DE\" dir=\"ltr\" data-wpcf7-id=\"440\">\n<div class=\"screen-reader-response\"><p role=\"status\" aria-live=\"polite\" aria-atomic=\"true\"><\/p> <ul><\/ul><\/div>\n<form action=\"\/de\/wp-json\/wp\/v2\/pages\/386#wpcf7-f440-o1\" method=\"post\" class=\"wpcf7-form init\" aria-label=\"Kontaktformular\" novalidate=\"novalidate\" data-status=\"init\">\n<fieldset class=\"hidden-fields-container\"><input type=\"hidden\" name=\"_wpcf7\" value=\"440\" \/><input type=\"hidden\" name=\"_wpcf7_version\" value=\"6.1.5\" \/><input type=\"hidden\" name=\"_wpcf7_locale\" value=\"de_DE\" \/><input type=\"hidden\" name=\"_wpcf7_unit_tag\" value=\"wpcf7-f440-o1\" \/><input type=\"hidden\" name=\"_wpcf7_container_post\" value=\"0\" \/><input type=\"hidden\" name=\"_wpcf7_posted_data_hash\" value=\"\" \/>\n<\/fieldset>\n<div class=\"corporate-form-grid\">\n\t<div class=\"form-field\">\n\t\t<p><label for=\"your-name\">Vor- und Nachname<\/label><br \/>\n<span class=\"wpcf7-form-control-wrap\" data-name=\"your-name\"><input size=\"40\" maxlength=\"400\" class=\"wpcf7-form-control wpcf7-text wpcf7-validates-as-required\" id=\"your-name\" aria-required=\"true\" aria-invalid=\"false\" placeholder=\"z. B. Ioannis Papadopoulos\" value=\"\" type=\"text\" name=\"your-name\" \/><\/span>\n\t\t<\/p>\n\t<\/div>\n\t<div class=\"form-field\">\n\t\t<p><label for=\"company-name\">Firmenname<\/label><br \/>\n<span class=\"wpcf7-form-control-wrap\" data-name=\"company-name\"><input size=\"40\" maxlength=\"400\" class=\"wpcf7-form-control wpcf7-text\" id=\"company-name\" aria-invalid=\"false\" placeholder=\"z. B. Blue Rent Travel\" value=\"\" type=\"text\" name=\"company-name\" \/><\/span>\n\t\t<\/p>\n\t<\/div>\n\t<div class=\"form-field\">\n\t\t<p><label for=\"company-role\">Position im Unternehmen<\/label><br \/>\n<span class=\"wpcf7-form-control-wrap\" data-name=\"company-role\"><input size=\"40\" maxlength=\"400\" class=\"wpcf7-form-control wpcf7-text wpcf7-validates-as-required\" id=\"company-role\" aria-required=\"true\" aria-invalid=\"false\" placeholder=\"z. B. Einkaufsleiter\" value=\"\" type=\"text\" name=\"company-role\" \/><\/span>\n\t\t<\/p>\n\t<\/div>\n\t<div class=\"form-field\">\n\t\t<p><label for=\"your-email\">Email<\/label><br \/>\n<span class=\"wpcf7-form-control-wrap\" data-name=\"your-email\"><input size=\"40\" maxlength=\"400\" class=\"wpcf7-form-control wpcf7-email wpcf7-validates-as-required wpcf7-text wpcf7-validates-as-email\" id=\"your-email\" aria-required=\"true\" aria-invalid=\"false\" placeholder=\"email@business.com\" value=\"\" type=\"email\" name=\"your-email\" \/><\/span>\n\t\t<\/p>\n\t<\/div>\n\t<div class=\"form-field\">\n\t\t<p><label for=\"your-tel\">Kontakttelefon<\/label><br \/>\n<span class=\"wpcf7-form-control-wrap\" data-name=\"your-tel\"><input size=\"40\" maxlength=\"400\" class=\"wpcf7-form-control wpcf7-tel wpcf7-text wpcf7-validates-as-tel\" id=\"your-tel\" aria-invalid=\"false\" placeholder=\"+30...\" value=\"\" type=\"tel\" name=\"your-tel\" \/><\/span>\n\t\t<\/p>\n\t<\/div>\n\t<div class=\"form-field full-width\">\n\t\t<p><label for=\"your-subject\">Kooperationspartner<\/label><br \/>\n<span class=\"wpcf7-form-control-wrap\" data-name=\"your-subject\"><select class=\"wpcf7-form-control wpcf7-select wpcf7-validates-as-required\" id=\"your-subject\" aria-required=\"true\" aria-invalid=\"false\" name=\"your-subject\"><option value=\"\">&#8211; Bitte ausw\u00e4hlen &#8211;<\/option><option value=\"Brokers &amp; OTA\u2019s\">Brokers &amp; OTA\u2019s<\/option><option value=\"Tour Operators &amp; Agencies\">Tour Operators &amp; Agencies<\/option><option value=\"Hotels &amp; Accommodations\">Hotels &amp; Accommodations<\/option><option value=\"Car Rental Partnerships\">Car Rental Partnerships<\/option><option value=\"Sonstiges\">Sonstiges<\/option><\/select><\/span>\n\t\t<\/p>\n\t<\/div>\n\t<div class=\"form-field full-width\">\n\t\t<p><label for=\"your-message\">Ihre Nachricht<\/label><br \/>\n<span class=\"wpcf7-form-control-wrap\" data-name=\"your-message\"><textarea cols=\"40\" rows=\"4\" maxlength=\"2000\" class=\"wpcf7-form-control wpcf7-textarea\" id=\"your-message\" aria-invalid=\"false\" placeholder=\"Wie k\u00f6nnen wir Ihnen helfen?\" name=\"your-message\"><\/textarea><\/span>\n\t\t<\/p>\n\t<\/div>\n\t<div class=\"form-field full-width\">\n\t\t<p><input class=\"wpcf7-form-control wpcf7-submit has-spinner btn-submit\" type=\"submit\" value=\"NACHRICHT SENDEN\" \/>\n\t\t<\/p>\n\t<\/div>\n<\/div><div class=\"wpcf7-response-output\" aria-hidden=\"true\"><\/div>\n<\/form>\n<\/div>\n<\/div>\r\n<\/div>\r\n<\/div>\r\n<\/section>\t\t\t\t\t\t\t\t<\/div>\n\t\t\t\t\t<\/div>\n\t\t\t\t<\/div>\n\t\t\t\t<\/div>\n\t\t","protected":false},"excerpt":{"rendered":"<p>Blue Rent Partnerprogramm Erweitern Sie Ihr Gesch\u00e4ft mit einem zuverl\u00e4ssigen Flottenpartner in Nordgriechenland. \ud83c\udf10 Broker &amp; OTAs Wir bieten volle XML \/ API-Integration f\u00fcr die direkte Anbindung an unsere Flotte. Garantierte Verf\u00fcgbarkeit und Echtzeit-Updates. Hohe Provisionss\u00e4tze Automatisiertes Reporting &amp; Abrechnung \u2708\ufe0f Reiseveranstalter &amp; Reiseb\u00fcros Spezialisierte L\u00f6sungen f\u00fcr organisierte Gruppen, Fly &amp; Drive-Pakete und Individualkunden in [&hellip;]<\/p>\n","protected":false},"author":1,"featured_media":0,"parent":0,"menu_order":0,"comment_status":"closed","ping_status":"closed","template":"","meta":{"footnotes":""},"class_list":["post-386","page","type-page","status-publish","hentry"],"aioseo_notices":[],"_links":{"self":[{"href":"https:\/\/corporate.blue-rent.gr\/de\/wp-json\/wp\/v2\/pages\/386","targetHints":{"allow":["GET"]}}],"collection":[{"href":"https:\/\/corporate.blue-rent.gr\/de\/wp-json\/wp\/v2\/pages"}],"about":[{"href":"https:\/\/corporate.blue-rent.gr\/de\/wp-json\/wp\/v2\/types\/page"}],"author":[{"embeddable":true,"href":"https:\/\/corporate.blue-rent.gr\/de\/wp-json\/wp\/v2\/users\/1"}],"replies":[{"embeddable":true,"href":"https:\/\/corporate.blue-rent.gr\/de\/wp-json\/wp\/v2\/comments?post=386"}],"version-history":[{"count":1,"href":"https:\/\/corporate.blue-rent.gr\/de\/wp-json\/wp\/v2\/pages\/386\/revisions"}],"predecessor-version":[{"id":387,"href":"https:\/\/corporate.blue-rent.gr\/de\/wp-json\/wp\/v2\/pages\/386\/revisions\/387"}],"wp:attachment":[{"href":"https:\/\/corporate.blue-rent.gr\/de\/wp-json\/wp\/v2\/media?parent=386"}],"curies":[{"name":"wp","href":"https:\/\/api.w.org\/{rel}","templated":true}]}}