{"id":380,"date":"2026-03-23T12:32:05","date_gmt":"2026-03-23T12:32:05","guid":{"rendered":"https:\/\/corporate.blue-rent.gr\/news-ankuendigungen\/"},"modified":"2026-03-26T08:51:07","modified_gmt":"2026-03-26T08:51:07","slug":"news-ankuendigungen","status":"publish","type":"page","link":"https:\/\/corporate.blue-rent.gr\/de\/news-ankuendigungen\/","title":{"rendered":"News &#038; Ank\u00fcndigungen"},"content":{"rendered":"\t\t<div data-elementor-type=\"wp-page\" data-elementor-id=\"380\" class=\"elementor elementor-380 elementor-68\" data-elementor-post-type=\"page\">\n\t\t\t\t<div class=\"elementor-element elementor-element-ebdb0ae e-flex e-con-boxed e-con e-parent\" data-id=\"ebdb0ae\" data-element_type=\"container\" data-e-type=\"container\" data-settings=\"{&quot;background_background&quot;:&quot;classic&quot;}\">\n\t\t\t\t\t<div class=\"e-con-inner\">\n\t\t\t\t<div class=\"elementor-element elementor-element-e062032 elementor-widget elementor-widget-heading\" data-id=\"e062032\" data-element_type=\"widget\" data-e-type=\"widget\" data-widget_type=\"heading.default\">\n\t\t\t\t\t<h1 class=\"elementor-heading-title elementor-size-default\">News &amp; Ank\u00fcndigungen<\/h1>\t\t\t\t<\/div>\n\t\t\t\t\t<\/div>\n\t\t\t\t<\/div>\n\t\t<div class=\"elementor-element elementor-element-3b5212c e-flex e-con-boxed e-con e-parent\" data-id=\"3b5212c\" data-element_type=\"container\" data-e-type=\"container\">\n\t\t\t\t\t<div class=\"e-con-inner\">\n\t\t\t\t<div class=\"elementor-element elementor-element-12178fa elementor-grid-1 elementor-posts--thumbnail-left news-articles elementor-grid-tablet-2 elementor-grid-mobile-1 elementor-widget elementor-widget-posts\" data-id=\"12178fa\" data-element_type=\"widget\" data-e-type=\"widget\" data-settings=\"{&quot;classic_columns&quot;:&quot;1&quot;,&quot;classic_columns_tablet&quot;:&quot;2&quot;,&quot;classic_columns_mobile&quot;:&quot;1&quot;,&quot;classic_row_gap&quot;:{&quot;unit&quot;:&quot;px&quot;,&quot;size&quot;:35,&quot;sizes&quot;:[]},&quot;classic_row_gap_tablet&quot;:{&quot;unit&quot;:&quot;px&quot;,&quot;size&quot;:&quot;&quot;,&quot;sizes&quot;:[]},&quot;classic_row_gap_mobile&quot;:{&quot;unit&quot;:&quot;px&quot;,&quot;size&quot;:&quot;&quot;,&quot;sizes&quot;:[]}}\" data-widget_type=\"posts.classic\">\n\t\t\t\t<div class=\"elementor-widget-container\">\n\t\t\t\t\t\t\t<div class=\"elementor-posts-container elementor-posts elementor-posts--skin-classic elementor-grid\" role=\"list\">\n\t\t\t\t<article class=\"elementor-post elementor-grid-item post-407 post type-post status-publish format-standard has-post-thumbnail hentry category-unkategorisiert\" role=\"listitem\">\n\t\t\t\t<a class=\"elementor-post__thumbnail__link\" href=\"https:\/\/corporate.blue-rent.gr\/de\/2026\/03\/23\/verstaerkung-unserer-praesenz-in-ost-chalkidiki\/\" tabindex=\"-1\" >\n\t\t\t<div class=\"elementor-post__thumbnail\"><img fetchpriority=\"high\" decoding=\"async\" width=\"300\" height=\"200\" src=\"https:\/\/corporate.blue-rent.gr\/wp-content\/uploads\/2026\/03\/stolos-300x200.jpg\" class=\"attachment-medium size-medium wp-image-364\" alt=\"stolos-img\" srcset=\"https:\/\/corporate.blue-rent.gr\/wp-content\/uploads\/2026\/03\/stolos-300x200.jpg 300w, https:\/\/corporate.blue-rent.gr\/wp-content\/uploads\/2026\/03\/stolos-1024x683.jpg 1024w, https:\/\/corporate.blue-rent.gr\/wp-content\/uploads\/2026\/03\/stolos-768x512.jpg 768w, https:\/\/corporate.blue-rent.gr\/wp-content\/uploads\/2026\/03\/stolos-1536x1024.jpg 1536w, https:\/\/corporate.blue-rent.gr\/wp-content\/uploads\/2026\/03\/stolos.jpg 1920w\" sizes=\"(max-width: 300px) 100vw, 300px\" \/><\/div>\n\t\t<\/a>\n\t\t\t\t<div class=\"elementor-post__text\">\n\t\t\t\t<h2 class=\"elementor-post__title\">\n\t\t\t<a href=\"https:\/\/corporate.blue-rent.gr\/de\/2026\/03\/23\/verstaerkung-unserer-praesenz-in-ost-chalkidiki\/\" >\n\t\t\t\tVerst\u00e4rkung unserer Pr\u00e4senz in Ost-Chalkidiki.\t\t\t<\/a>\n\t\t<\/h2>\n\t\t\t\t<div class=\"elementor-post__meta-data\">\n\t\t\t\t\t<span class=\"elementor-post-date\">\n\t\t\tM\u00e4rz 23, 2026\t\t<\/span>\n\t\t\t\t<\/div>\n\t\t\t\t<div class=\"elementor-post__excerpt\">\n\t\t\t<p>Unser neuer Standort in Ierissos ist ab sofort voll einsatzbereit und bedient das Tor zum Berg Athos sowie die Hotels in der Region.<\/p>\n\t\t<\/div>\n\t\t\n\t\t<a class=\"elementor-post__read-more\" href=\"https:\/\/corporate.blue-rent.gr\/de\/2026\/03\/23\/verstaerkung-unserer-praesenz-in-ost-chalkidiki\/\" aria-label=\"Mehr \u00fcber Verst\u00e4rkung unserer Pr\u00e4senz in Ost-Chalkidiki.\" tabindex=\"-1\" >\n\t\t\tMehr lesen\t\t<\/a>\n\n\t\t\t\t<\/div>\n\t\t\t\t<\/article>\n\t\t\t\t<article class=\"elementor-post elementor-grid-item post-422 post type-post status-publish format-standard has-post-thumbnail hentry category-unkategorisiert\" role=\"listitem\">\n\t\t\t\t<a class=\"elementor-post__thumbnail__link\" href=\"https:\/\/corporate.blue-rent.gr\/de\/2026\/03\/23\/blue-rent-mit-dynamischer-praesenz-auf-der-philoxenia-2025\/\" tabindex=\"-1\" >\n\t\t\t<div class=\"elementor-post__thumbnail\"><img decoding=\"async\" width=\"300\" height=\"199\" src=\"https:\/\/corporate.blue-rent.gr\/wp-content\/uploads\/2026\/03\/tour-300x199.jpg\" class=\"attachment-medium size-medium wp-image-408\" alt=\"Blue Rent mit dynamischer Pr\u00e4senz auf der Philoxenia 2025.\" srcset=\"https:\/\/corporate.blue-rent.gr\/wp-content\/uploads\/2026\/03\/tour-300x199.jpg 300w, https:\/\/corporate.blue-rent.gr\/wp-content\/uploads\/2026\/03\/tour-1024x679.jpg 1024w, https:\/\/corporate.blue-rent.gr\/wp-content\/uploads\/2026\/03\/tour-768x509.jpg 768w, https:\/\/corporate.blue-rent.gr\/wp-content\/uploads\/2026\/03\/tour.jpg 1220w\" sizes=\"(max-width: 300px) 100vw, 300px\" \/><\/div>\n\t\t<\/a>\n\t\t\t\t<div class=\"elementor-post__text\">\n\t\t\t\t<h2 class=\"elementor-post__title\">\n\t\t\t<a href=\"https:\/\/corporate.blue-rent.gr\/de\/2026\/03\/23\/blue-rent-mit-dynamischer-praesenz-auf-der-philoxenia-2025\/\" >\n\t\t\t\tBlue Rent mit dynamischer Pr\u00e4senz auf der Philoxenia 2025.\t\t\t<\/a>\n\t\t<\/h2>\n\t\t\t\t<div class=\"elementor-post__meta-data\">\n\t\t\t\t\t<span class=\"elementor-post-date\">\n\t\t\tM\u00e4rz 23, 2026\t\t<\/span>\n\t\t\t\t<\/div>\n\t\t\t\t<div class=\"elementor-post__excerpt\">\n\t\t\t<p>Unser Unternehmen hat die Kontakte zu Reiseveranstaltern aus Zentraleuropa erfolgreich abgeschlossen und damit unser Partnernetzwerk f\u00fcr die Saison 2026 gest\u00e4rkt.<\/p>\n\t\t<\/div>\n\t\t\n\t\t<a class=\"elementor-post__read-more\" href=\"https:\/\/corporate.blue-rent.gr\/de\/2026\/03\/23\/blue-rent-mit-dynamischer-praesenz-auf-der-philoxenia-2025\/\" aria-label=\"Mehr \u00fcber Blue Rent mit dynamischer Pr\u00e4senz auf der Philoxenia 2025.\" tabindex=\"-1\" >\n\t\t\tMehr lesen\t\t<\/a>\n\n\t\t\t\t<\/div>\n\t\t\t\t<\/article>\n\t\t\t\t<\/div>\n\t\t\n\t\t\t\t\t\t<\/div>\n\t\t\t\t<\/div>\n\t\t\t\t\t<\/div>\n\t\t\t\t<\/div>\n\t\t\t\t<\/div>\n\t\t","protected":false},"excerpt":{"rendered":"<p>News &amp; Ank\u00fcndigungen<\/p>\n","protected":false},"author":1,"featured_media":0,"parent":0,"menu_order":0,"comment_status":"closed","ping_status":"closed","template":"","meta":{"footnotes":""},"class_list":["post-380","page","type-page","status-publish","hentry"],"aioseo_notices":[],"_links":{"self":[{"href":"https:\/\/corporate.blue-rent.gr\/de\/wp-json\/wp\/v2\/pages\/380","targetHints":{"allow":["GET"]}}],"collection":[{"href":"https:\/\/corporate.blue-rent.gr\/de\/wp-json\/wp\/v2\/pages"}],"about":[{"href":"https:\/\/corporate.blue-rent.gr\/de\/wp-json\/wp\/v2\/types\/page"}],"author":[{"embeddable":true,"href":"https:\/\/corporate.blue-rent.gr\/de\/wp-json\/wp\/v2\/users\/1"}],"replies":[{"embeddable":true,"href":"https:\/\/corporate.blue-rent.gr\/de\/wp-json\/wp\/v2\/comments?post=380"}],"version-history":[{"count":2,"href":"https:\/\/corporate.blue-rent.gr\/de\/wp-json\/wp\/v2\/pages\/380\/revisions"}],"predecessor-version":[{"id":385,"href":"https:\/\/corporate.blue-rent.gr\/de\/wp-json\/wp\/v2\/pages\/380\/revisions\/385"}],"wp:attachment":[{"href":"https:\/\/corporate.blue-rent.gr\/de\/wp-json\/wp\/v2\/media?parent=380"}],"curies":[{"name":"wp","href":"https:\/\/api.w.org\/{rel}","templated":true}]}}