{"id":374,"date":"2026-03-23T12:05:05","date_gmt":"2026-03-23T12:05:05","guid":{"rendered":"https:\/\/corporate.blue-rent.gr\/karriere\/"},"modified":"2026-03-26T13:51:43","modified_gmt":"2026-03-26T13:51:43","slug":"karriere","status":"publish","type":"page","link":"https:\/\/corporate.blue-rent.gr\/de\/karriere\/","title":{"rendered":"Karriere"},"content":{"rendered":"\t\t<div data-elementor-type=\"wp-page\" data-elementor-id=\"374\" class=\"elementor elementor-374 elementor-44\" data-elementor-post-type=\"page\">\n\t\t\t\t<div class=\"elementor-element elementor-element-c0f0384 e-con-full e-flex e-con e-parent\" data-id=\"c0f0384\" data-element_type=\"container\" data-e-type=\"container\" data-settings=\"{&quot;background_background&quot;:&quot;classic&quot;}\">\n\t\t<div class=\"elementor-element elementor-element-b37f667 feature-body e-flex e-con-boxed e-con e-child\" data-id=\"b37f667\" data-element_type=\"container\" data-e-type=\"container\" data-settings=\"{&quot;background_background&quot;:&quot;classic&quot;}\">\n\t\t\t\t\t<div class=\"e-con-inner\">\n\t\t\t\t<div class=\"elementor-element elementor-element-aed83f3 elementor-widget elementor-widget-heading\" data-id=\"aed83f3\" data-element_type=\"widget\" data-e-type=\"widget\" data-widget_type=\"heading.default\">\n\t\t\t\t\t<h1 class=\"elementor-heading-title elementor-size-default\">Werden Sie Teil unseres Teams<\/h1>\t\t\t\t<\/div>\n\t\t\t\t<div class=\"elementor-element elementor-element-e764085 elementor-widget elementor-widget-text-editor\" data-id=\"e764085\" data-element_type=\"widget\" data-e-type=\"widget\" data-widget_type=\"text-editor.default\">\n\t\t\t\t\t\t\t\t\t<p>Wir suchen talentierte Menschen mit Leidenschaft f\u00fcr den Service und die Autovermietungsbranche.<\/p>\n\t\t\t\t\t\t\t\t<\/div>\n\t\t\t\t\t<\/div>\n\t\t\t\t<\/div>\n\t\t<div class=\"elementor-element elementor-element-4a5ccfc e-flex e-con-boxed e-con e-child\" data-id=\"4a5ccfc\" data-element_type=\"container\" data-e-type=\"container\">\n\t\t\t\t\t<div class=\"e-con-inner\">\n\t\t\t\t<div class=\"elementor-element elementor-element-046fd68 img-round elementor-widget elementor-widget-image\" data-id=\"046fd68\" data-element_type=\"widget\" data-e-type=\"widget\" data-widget_type=\"image.default\">\n\t\t\t\t\t\t\t\t\t\t\t\t\t\t\t<img decoding=\"async\" src=\"https:\/\/corporate.blue-rent.gr\/wp-content\/uploads\/elementor\/thumbs\/join_our_team_2-rkz4w0m1qfqciinmbt8if2yt6kpgzoikwgkssolj6k.jpg\" title=\"Sch\u00f6ne, l\u00e4chelnde Verk\u00e4uferin in vollem Anzug im Autohaus bei den Autos.\" alt=\"Sch\u00f6ne l\u00e4chelnde Verk\u00e4uferin im Business-Anzug im Autohaus vor dem Hintergrund von Autos, mit Autoschl\u00fcsseln und einem Tablet in den H\u00e4nden.\" loading=\"lazy\" \/>\t\t\t\t\t\t\t\t\t\t\t\t\t\t\t<\/div>\n\t\t\t\t\t<\/div>\n\t\t\t\t<\/div>\n\t\t\t\t<\/div>\n\t\t<div class=\"elementor-element elementor-element-5799012 e-flex e-con-boxed e-con e-parent\" data-id=\"5799012\" data-element_type=\"container\" data-e-type=\"container\">\n\t\t\t\t\t<div class=\"e-con-inner\">\n\t\t\t\t<div class=\"elementor-element elementor-element-cb46af1 elementor-widget elementor-widget-heading\" data-id=\"cb46af1\" data-element_type=\"widget\" data-e-type=\"widget\" data-widget_type=\"heading.default\">\n\t\t\t\t\t<h2 class=\"elementor-heading-title elementor-size-default\">Fahrer \/ Logistik (Flughafen Thessaloniki)<\/h2>\t\t\t\t<\/div>\n\t\t\t\t<div class=\"elementor-element elementor-element-6f77334 elementor-widget elementor-widget-text-editor\" data-id=\"6f77334\" data-element_type=\"widget\" data-e-type=\"widget\" data-widget_type=\"text-editor.default\">\n\t\t\t\t\t\t\t\t\t<p><strong>Beschreibung:<\/strong> Saisonbesch\u00e4ftigung (Mai \u2013 Oktober) in unseren Stationen auf Chalkidiki.<\/p>\n<p><strong>Erforderliche Qualifikationen:<\/strong><\/p>\n<ul>\n<li>Hervorragende Englischkenntnisse (eine zweite Fremdsprache gilt als zus\u00e4tzlicher Vorteil).<\/li>\n<li>Pkw-F\u00fchrerschein.<\/li>\n<li>Sicherer Umgang mit dem PC.<\/li>\n<li>Kommunikationsst\u00e4rke und Teamgeist.<\/li>\n<\/ul>\n<p><strong>Leistungen:<\/strong><\/p>\n<ul>\n<li>Leistungsbezogener Bonus.<\/li>\n<li>Unterkunftsm\u00f6glichkeit.<\/li>\n<li>Perspektive auf eine dauerhafte Zusammenarbeit.<\/li>\n<\/ul>\n\t\t\t\t\t\t\t\t<\/div>\n\t\t\t\t<div class=\"elementor-element elementor-element-36b5dfa elementor-widget elementor-widget-heading\" data-id=\"36b5dfa\" data-element_type=\"widget\" data-e-type=\"widget\" data-widget_type=\"heading.default\">\n\t\t\t\t\t<h2 class=\"elementor-heading-title elementor-size-default\">Rental Agent \/ B\u00fcromitarbeiter (Chalkidiki)<\/h2>\t\t\t\t<\/div>\n\t\t\t\t<div class=\"elementor-element elementor-element-5efaec8 elementor-widget elementor-widget-text-editor\" data-id=\"5efaec8\" data-element_type=\"widget\" data-e-type=\"widget\" data-widget_type=\"text-editor.default\">\n\t\t\t\t\t\t\t\t\t<p><strong>Beschreibung:<\/strong> Vorbereitung und \u00dcberf\u00fchrung von Fahrzeugen von und zur Hauptstation am Flughafen.<\/p>\n<p><\/p>\n<p><strong>Erforderliche Qualifikationen:<\/strong><\/p>\n<ul>\n<li>\n<p>F\u00fchrerschein (seit mindestens 5 Jahren).<\/p>\n<\/li>\n<li>\n<p>Grundkenntnisse in Englisch.<\/p>\n<\/li>\n<li>\n<p>Zuverl\u00e4ssigkeit und Liebe zum Detail.<\/p>\n<\/li>\n<li>\n<p>Bereitschaft zur Arbeit im Schichtsystem.<\/p>\n<\/li>\n<\/ul>\n\t\t\t\t\t\t\t\t<\/div>\n\t\t\t\t\t<\/div>\n\t\t\t\t<\/div>\n\t\t\t\t<\/div>\n\t\t","protected":false},"excerpt":{"rendered":"<p>Werden Sie Teil unseres Teams Wir suchen talentierte Menschen mit Leidenschaft f\u00fcr den Service und die Autovermietungsbranche. Fahrer \/ Logistik (Flughafen Thessaloniki) Beschreibung: Saisonbesch\u00e4ftigung (Mai \u2013 Oktober) in unseren Stationen auf Chalkidiki. Erforderliche Qualifikationen: Hervorragende Englischkenntnisse (eine zweite Fremdsprache gilt als zus\u00e4tzlicher Vorteil). Pkw-F\u00fchrerschein. Sicherer Umgang mit dem PC. Kommunikationsst\u00e4rke und Teamgeist. Leistungen: Leistungsbezogener Bonus. [&hellip;]<\/p>\n","protected":false},"author":1,"featured_media":0,"parent":0,"menu_order":0,"comment_status":"closed","ping_status":"closed","template":"","meta":{"footnotes":""},"class_list":["post-374","page","type-page","status-publish","hentry"],"aioseo_notices":[],"_links":{"self":[{"href":"https:\/\/corporate.blue-rent.gr\/de\/wp-json\/wp\/v2\/pages\/374","targetHints":{"allow":["GET"]}}],"collection":[{"href":"https:\/\/corporate.blue-rent.gr\/de\/wp-json\/wp\/v2\/pages"}],"about":[{"href":"https:\/\/corporate.blue-rent.gr\/de\/wp-json\/wp\/v2\/types\/page"}],"author":[{"embeddable":true,"href":"https:\/\/corporate.blue-rent.gr\/de\/wp-json\/wp\/v2\/users\/1"}],"replies":[{"embeddable":true,"href":"https:\/\/corporate.blue-rent.gr\/de\/wp-json\/wp\/v2\/comments?post=374"}],"version-history":[{"count":2,"href":"https:\/\/corporate.blue-rent.gr\/de\/wp-json\/wp\/v2\/pages\/374\/revisions"}],"predecessor-version":[{"id":444,"href":"https:\/\/corporate.blue-rent.gr\/de\/wp-json\/wp\/v2\/pages\/374\/revisions\/444"}],"wp:attachment":[{"href":"https:\/\/corporate.blue-rent.gr\/de\/wp-json\/wp\/v2\/media?parent=374"}],"curies":[{"name":"wp","href":"https:\/\/api.w.org\/{rel}","templated":true}]}}