{"id":371,"date":"2026-03-23T10:28:00","date_gmt":"2026-03-23T10:28:00","guid":{"rendered":"https:\/\/corporate.blue-rent.gr\/das-unternehmen\/"},"modified":"2026-03-26T08:45:35","modified_gmt":"2026-03-26T08:45:35","slug":"das-unternehmen","status":"publish","type":"page","link":"https:\/\/corporate.blue-rent.gr\/de\/das-unternehmen\/","title":{"rendered":"Das Unternehmen"},"content":{"rendered":"\t\t<div data-elementor-type=\"wp-page\" data-elementor-id=\"371\" class=\"elementor elementor-371 elementor-10\" data-elementor-post-type=\"page\">\n\t\t\t\t<div class=\"elementor-element elementor-element-a77199f e-flex e-con-boxed e-con e-parent\" data-id=\"a77199f\" data-element_type=\"container\" data-e-type=\"container\" data-settings=\"{&quot;background_background&quot;:&quot;classic&quot;}\">\n\t\t\t\t\t<div class=\"e-con-inner\">\n\t\t\t\t<div class=\"elementor-element elementor-element-5eeff48 elementor-widget elementor-widget-heading\" data-id=\"5eeff48\" data-element_type=\"widget\" data-e-type=\"widget\" data-widget_type=\"heading.default\">\n\t\t\t\t\t<h1 class=\"elementor-heading-title elementor-size-default\">Blue Rent: Ihr strategischer Partner in Nordgriechenland<\/h1>\t\t\t\t<\/div>\n\t\t\t\t<div class=\"elementor-element elementor-element-9a9de3b elementor-widget elementor-widget-text-editor\" data-id=\"9a9de3b\" data-element_type=\"widget\" data-e-type=\"widget\" data-widget_type=\"text-editor.default\">\n\t\t\t\t\t\t\t\t\t<p>Qualit\u00e4t, Fachkompetenz und internationale Servicestandards<\/p>\n\t\t\t\t\t\t\t\t<\/div>\n\t\t\t\t\t<\/div>\n\t\t\t\t<\/div>\n\t\t<div class=\"elementor-element elementor-element-b746425 e-flex e-con-boxed e-con e-parent\" data-id=\"b746425\" data-element_type=\"container\" data-e-type=\"container\">\n\t\t\t\t\t<div class=\"e-con-inner\">\n\t\t<div class=\"elementor-element elementor-element-b3ee63a e-con-full e-flex e-con e-child\" data-id=\"b3ee63a\" data-element_type=\"container\" data-e-type=\"container\">\n\t\t\t\t<div class=\"elementor-element elementor-element-b31f560 elementor-widget elementor-widget-text-editor\" data-id=\"b31f560\" data-element_type=\"widget\" data-e-type=\"widget\" data-widget_type=\"text-editor.default\">\n\t\t\t\t\t\t\t\t\t<div class=\"text-content\">\n<h2>Wer wir sind<\/h2>\n<p><strong>Blue Rent (Car Rental Thessaloniki)<\/strong> ist eines der vertrauensw\u00fcrdigsten Autovermietungsunternehmen in Thessaloniki und Chalkidiki. Mit langj\u00e4hriger Erfahrung und einer f\u00fchrenden Pr\u00e4senz in der Branche steht unser Unternehmen f\u00fcr Zuverl\u00e4ssigkeit und die Bereitstellung von Dienstleistungen auf h\u00f6chstem Niveau.<\/p>\n<\/div>\n\t\t\t\t\t\t\t\t<\/div>\n\t\t\t\t<\/div>\n\t\t<div class=\"elementor-element elementor-element-e10818a e-con-full e-flex e-con e-child\" data-id=\"e10818a\" data-element_type=\"container\" data-e-type=\"container\">\n\t\t\t\t<div class=\"elementor-element elementor-element-420016c img-round elementor-widget elementor-widget-image\" data-id=\"420016c\" data-element_type=\"widget\" data-e-type=\"widget\" data-widget_type=\"image.default\">\n\t\t\t\t\t\t\t\t\t\t\t\t\t\t\t<img fetchpriority=\"high\" decoding=\"async\" width=\"800\" height=\"534\" src=\"https:\/\/corporate.blue-rent.gr\/wp-content\/uploads\/2026\/03\/DJI_0114-1024x683.jpg\" class=\"attachment-large size-large wp-image-363\" alt=\"\" srcset=\"https:\/\/corporate.blue-rent.gr\/wp-content\/uploads\/2026\/03\/DJI_0114-1024x683.jpg 1024w, https:\/\/corporate.blue-rent.gr\/wp-content\/uploads\/2026\/03\/DJI_0114-300x200.jpg 300w, https:\/\/corporate.blue-rent.gr\/wp-content\/uploads\/2026\/03\/DJI_0114-768x512.jpg 768w, https:\/\/corporate.blue-rent.gr\/wp-content\/uploads\/2026\/03\/DJI_0114.jpg 1500w\" sizes=\"(max-width: 800px) 100vw, 800px\" \/>\t\t\t\t\t\t\t\t\t\t\t\t\t\t\t<\/div>\n\t\t\t\t<\/div>\n\t\t\t\t\t<\/div>\n\t\t\t\t<\/div>\n\t\t<div class=\"elementor-element elementor-element-d9db1e8 e-flex e-con-boxed e-con e-parent\" data-id=\"d9db1e8\" data-element_type=\"container\" data-e-type=\"container\" data-settings=\"{&quot;background_background&quot;:&quot;classic&quot;}\">\n\t\t\t\t\t<div class=\"e-con-inner\">\n\t\t<div class=\"elementor-element elementor-element-6de25db e-con-full e-flex e-con e-child\" data-id=\"6de25db\" data-element_type=\"container\" data-e-type=\"container\">\n\t\t\t\t<div class=\"elementor-element elementor-element-c9acb6c img-round elementor-widget elementor-widget-image\" data-id=\"c9acb6c\" data-element_type=\"widget\" data-e-type=\"widget\" data-widget_type=\"image.default\">\n\t\t\t\t\t\t\t\t\t\t\t\t\t\t\t<img decoding=\"async\" width=\"800\" height=\"534\" src=\"https:\/\/corporate.blue-rent.gr\/wp-content\/uploads\/2026\/03\/stolos-1024x683.jpg\" class=\"attachment-large size-large wp-image-364\" alt=\"stolos-img\" srcset=\"https:\/\/corporate.blue-rent.gr\/wp-content\/uploads\/2026\/03\/stolos-1024x683.jpg 1024w, https:\/\/corporate.blue-rent.gr\/wp-content\/uploads\/2026\/03\/stolos-300x200.jpg 300w, https:\/\/corporate.blue-rent.gr\/wp-content\/uploads\/2026\/03\/stolos-768x512.jpg 768w, https:\/\/corporate.blue-rent.gr\/wp-content\/uploads\/2026\/03\/stolos-1536x1024.jpg 1536w, https:\/\/corporate.blue-rent.gr\/wp-content\/uploads\/2026\/03\/stolos.jpg 1920w\" sizes=\"(max-width: 800px) 100vw, 800px\" \/>\t\t\t\t\t\t\t\t\t\t\t\t\t\t\t<\/div>\n\t\t\t\t<\/div>\n\t\t<div class=\"elementor-element elementor-element-6082e6f e-con-full e-flex e-con e-child\" data-id=\"6082e6f\" data-element_type=\"container\" data-e-type=\"container\">\n\t\t\t\t<div class=\"elementor-element elementor-element-19e89d5 elementor-widget elementor-widget-text-editor\" data-id=\"19e89d5\" data-element_type=\"widget\" data-e-type=\"widget\" data-widget_type=\"text-editor.default\">\n\t\t\t\t\t\t\t\t\t<section class=\"section-grey\">\r\n<div class=\"container\">\r\n<h2>Infrastruktur &#038; Flotte<\/h2>\r\n<div class=\"fleet-text\">\r\n\r\nWir verf\u00fcgen \u00fcber eine hochmoderne und vielseitige Flotte, die jeden Bedarf abdeckt: von Economy- und Dieselmodellen bis hin zu Automatikwagen und SUVs.\r\n\r\n<\/div>\r\n<div class=\"safety-card\">\r\n\r\nJedes Fahrzeug wird vor jeder \u00dcbergabe einer <strong>gr\u00fcndlichen technischen Kontrolle<\/strong> unterzogen, um die absolute Sicherheit Ihrer Kunden zu gew\u00e4hrleisten.\r\n\r\n<\/div>\r\n<\/div>\r\n<\/section>\t\t\t\t\t\t\t\t<\/div>\n\t\t\t\t<\/div>\n\t\t\t\t\t<\/div>\n\t\t\t\t<\/div>\n\t\t<div class=\"elementor-element elementor-element-61e3335 e-flex e-con-boxed e-con e-parent\" data-id=\"61e3335\" data-element_type=\"container\" data-e-type=\"container\">\n\t\t\t\t\t<div class=\"e-con-inner\">\n\t\t\t\t<div class=\"elementor-element elementor-element-aa4c687 about-corporate-v2 elementor-widget elementor-widget-text-editor\" data-id=\"aa4c687\" data-element_type=\"widget\" data-e-type=\"widget\" data-widget_type=\"text-editor.default\">\n\t\t\t\t\t\t\t\t\t<section class=\"section-locations\">\r\n<div class=\"container\">\r\n<h2>Stationsnetzwerk<\/h2>\r\n<p class=\"location-intro\">Wir sind der ideale lokale Partner f\u00fcr Reiseveranstalter und Hotels mit vollst\u00e4ndiger geografischer Abdeckung:<\/p>\r\n\r\n<div class=\"location-tags\">\r\n<span class=\"tag\">Flughafen Thessaloniki (SKG)<\/span>\r\n<span class=\"tag\">Kallithea Chalkidiki<\/span>\r\n<span class=\"tag\">Nikiti Chalkidiki<\/span>\r\n<span class=\"tag\">Ierissos \/ Ouranoupoli<\/span>\r\n<\/div>\r\n<p class=\"support-text\">Wir bieten <strong>24-Stunden-Support<\/strong> an allen unseren Stationen.<\/p>\r\n\r\n<\/div>\r\n<\/section>\t\t\t\t\t\t\t\t<\/div>\n\t\t\t\t\t<\/div>\n\t\t\t\t<\/div>\n\t\t\t\t<\/div>\n\t\t","protected":false},"excerpt":{"rendered":"<p>Blue Rent: Ihr strategischer Partner in Nordgriechenland Qualit\u00e4t, Fachkompetenz und internationale Servicestandards Wer wir sind Blue Rent (Car Rental Thessaloniki) ist eines der vertrauensw\u00fcrdigsten Autovermietungsunternehmen in Thessaloniki und Chalkidiki. Mit langj\u00e4hriger Erfahrung und einer f\u00fchrenden Pr\u00e4senz in der Branche steht unser Unternehmen f\u00fcr Zuverl\u00e4ssigkeit und die Bereitstellung von Dienstleistungen auf h\u00f6chstem Niveau. Infrastruktur &#038; Flotte [&hellip;]<\/p>\n","protected":false},"author":1,"featured_media":0,"parent":0,"menu_order":0,"comment_status":"closed","ping_status":"closed","template":"elementor_header_footer","meta":{"footnotes":""},"class_list":["post-371","page","type-page","status-publish","hentry"],"aioseo_notices":[],"_links":{"self":[{"href":"https:\/\/corporate.blue-rent.gr\/de\/wp-json\/wp\/v2\/pages\/371","targetHints":{"allow":["GET"]}}],"collection":[{"href":"https:\/\/corporate.blue-rent.gr\/de\/wp-json\/wp\/v2\/pages"}],"about":[{"href":"https:\/\/corporate.blue-rent.gr\/de\/wp-json\/wp\/v2\/types\/page"}],"author":[{"embeddable":true,"href":"https:\/\/corporate.blue-rent.gr\/de\/wp-json\/wp\/v2\/users\/1"}],"replies":[{"embeddable":true,"href":"https:\/\/corporate.blue-rent.gr\/de\/wp-json\/wp\/v2\/comments?post=371"}],"version-history":[{"count":1,"href":"https:\/\/corporate.blue-rent.gr\/de\/wp-json\/wp\/v2\/pages\/371\/revisions"}],"predecessor-version":[{"id":372,"href":"https:\/\/corporate.blue-rent.gr\/de\/wp-json\/wp\/v2\/pages\/371\/revisions\/372"}],"wp:attachment":[{"href":"https:\/\/corporate.blue-rent.gr\/de\/wp-json\/wp\/v2\/media?parent=371"}],"curies":[{"name":"wp","href":"https:\/\/api.w.org\/{rel}","templated":true}]}}