{"id":361,"date":"2026-03-23T12:07:23","date_gmt":"2026-03-23T12:07:23","guid":{"rendered":"https:\/\/corporate.blue-rent.gr\/kontakt\/"},"modified":"2026-03-26T14:07:03","modified_gmt":"2026-03-26T14:07:03","slug":"kontakt","status":"publish","type":"page","link":"https:\/\/corporate.blue-rent.gr\/de\/kontakt\/","title":{"rendered":"Kontakt"},"content":{"rendered":"\t\t<div data-elementor-type=\"wp-page\" data-elementor-id=\"361\" class=\"elementor elementor-361 elementor-48\" data-elementor-post-type=\"page\">\n\t\t\t\t<div class=\"elementor-element elementor-element-794b7e2 e-flex e-con-boxed e-con e-parent\" data-id=\"794b7e2\" data-element_type=\"container\" data-e-type=\"container\" data-settings=\"{&quot;background_background&quot;:&quot;classic&quot;}\">\n\t\t\t\t\t<div class=\"e-con-inner\">\n\t\t\t\t<div class=\"elementor-element elementor-element-4df4842 elementor-widget elementor-widget-heading\" data-id=\"4df4842\" data-element_type=\"widget\" data-e-type=\"widget\" data-widget_type=\"heading.default\">\n\t\t\t\t\t<h1 class=\"elementor-heading-title elementor-size-default\">Kontaktieren Sie Blue Rent<\/h1>\t\t\t\t<\/div>\n\t\t\t\t<div class=\"elementor-element elementor-element-3e7ab42 elementor-widget elementor-widget-text-editor\" data-id=\"3e7ab42\" data-element_type=\"widget\" data-e-type=\"widget\" data-widget_type=\"text-editor.default\">\n\t\t\t\t\t\t\t\t\t<p>Wir stehen Ihnen f\u00fcr jedes gesch\u00e4ftliche Angebot oder f\u00fcr weitere Erkl\u00e4rungen gerne zur Verf\u00fcgung.<\/p>\n\t\t\t\t\t\t\t\t<\/div>\n\t\t\t\t\t<\/div>\n\t\t\t\t<\/div>\n\t\t<div class=\"elementor-element elementor-element-b1e1e66 e-flex e-con-boxed e-con e-parent\" data-id=\"b1e1e66\" data-element_type=\"container\" data-e-type=\"container\">\n\t\t\t\t\t<div class=\"e-con-inner\">\n\t\t<div class=\"elementor-element elementor-element-7088f93 e-con-full e-flex e-con e-child\" data-id=\"7088f93\" data-element_type=\"container\" data-e-type=\"container\">\n\t\t\t\t<div class=\"elementor-element elementor-element-8fcf70c elementor-widget elementor-widget-text-editor\" data-id=\"8fcf70c\" data-element_type=\"widget\" data-e-type=\"widget\" data-widget_type=\"text-editor.default\">\n\t\t\t\t\t\t\t\t\t<div class=\"location-item-row\">\r\n<div class=\"location-info\">\r\n<h2>Flughafen Thessaloniki (SKG)<\/h2>\r\nUnsere Hauptstation befindet sich nur 3 Minuten vom Flughafen \u201eMakedonia\u201c entfernt. Wir bieten einen kostenlosen Shuttle-Bus-Service f\u00fcr Ihre Kunden an.\r\n<ul class=\"loc-details\">\r\n \t<li><span class=\"fas fa-map-marker-alt\"><\/span>  15. km Thessaloniki \u2013 Michaniona<\/li>\r\n \t<li><span class=\"fas fa-phone\"><\/span>+30 2310 819990, +30 2310 471455<\/span><\/li>\r\n \t<li><span class=\"fas fa-envelope\"><\/span> sales@blue-rent.gr<\/span><\/li>\r\n<\/ul>\r\n<\/div><br><\/div>\t\t\t\t\t\t\t\t<\/div>\n\t\t\t\t<\/div>\n\t\t<div class=\"elementor-element elementor-element-dadfcbb e-con-full e-flex e-con e-child\" data-id=\"dadfcbb\" data-element_type=\"container\" data-e-type=\"container\">\n\t\t\t\t<div class=\"elementor-element elementor-element-8837c56 elementor-widget elementor-widget-text-editor\" data-id=\"8837c56\" data-element_type=\"widget\" data-e-type=\"widget\" data-widget_type=\"text-editor.default\">\n\t\t\t\t\t\t\t\t\t<div class=\"contact-form-container\">\n<div class=\"wpcf7 no-js\" id=\"wpcf7-f438-o1\" lang=\"de-DE\" dir=\"ltr\" data-wpcf7-id=\"438\">\n<div class=\"screen-reader-response\"><p role=\"status\" aria-live=\"polite\" aria-atomic=\"true\"><\/p> <ul><\/ul><\/div>\n<form action=\"\/de\/wp-json\/wp\/v2\/pages\/361#wpcf7-f438-o1\" method=\"post\" class=\"wpcf7-form init\" aria-label=\"Kontaktformular\" novalidate=\"novalidate\" data-status=\"init\">\n<fieldset class=\"hidden-fields-container\"><input type=\"hidden\" name=\"_wpcf7\" value=\"438\" \/><input type=\"hidden\" name=\"_wpcf7_version\" value=\"6.1.5\" \/><input type=\"hidden\" name=\"_wpcf7_locale\" value=\"de_DE\" \/><input type=\"hidden\" name=\"_wpcf7_unit_tag\" value=\"wpcf7-f438-o1\" \/><input type=\"hidden\" name=\"_wpcf7_container_post\" value=\"0\" \/><input type=\"hidden\" name=\"_wpcf7_posted_data_hash\" value=\"\" \/>\n<\/fieldset>\n<div class=\"corporate-form-grid\">\n\t<div class=\"form-field\">\n\t\t<p><label for=\"your-name\">Vollst\u00e4ndiger Name<\/label><br \/>\n<span class=\"wpcf7-form-control-wrap\" data-name=\"your-name\"><input size=\"40\" maxlength=\"400\" class=\"wpcf7-form-control wpcf7-text wpcf7-validates-as-required\" id=\"your-name\" aria-required=\"true\" aria-invalid=\"false\" placeholder=\"z. B. Johann Schmidt\" value=\"\" type=\"text\" name=\"your-name\" \/><\/span>\n\t\t<\/p>\n\t<\/div>\n\t<div class=\"form-field\">\n\t\t<p><label for=\"your-email\">E-Mail<\/label><br \/>\n<span class=\"wpcf7-form-control-wrap\" data-name=\"your-email\"><input size=\"40\" maxlength=\"400\" class=\"wpcf7-form-control wpcf7-email wpcf7-validates-as-required wpcf7-text wpcf7-validates-as-email\" id=\"your-email\" aria-required=\"true\" aria-invalid=\"false\" placeholder=\"email@business.com\" value=\"\" type=\"email\" name=\"your-email\" \/><\/span>\n\t\t<\/p>\n\t<\/div>\n\t<div class=\"form-field\">\n\t\t<p><label for=\"your-tel\">Telefonnummer<\/label><br \/>\n<span class=\"wpcf7-form-control-wrap\" data-name=\"your-tel\"><input size=\"40\" maxlength=\"400\" class=\"wpcf7-form-control wpcf7-tel wpcf7-text wpcf7-validates-as-tel\" id=\"your-tel\" aria-invalid=\"false\" placeholder=\"+30...\" value=\"\" type=\"tel\" name=\"your-tel\" \/><\/span>\n\t\t<\/p>\n\t<\/div>\n\t<div class=\"form-field full-width\">\n\t\t<p><label for=\"your-message\">Ihre Nachricht<\/label><br \/>\n<span class=\"wpcf7-form-control-wrap\" data-name=\"your-message\"><textarea cols=\"40\" rows=\"4\" maxlength=\"2000\" class=\"wpcf7-form-control wpcf7-textarea\" id=\"your-message\" aria-invalid=\"false\" placeholder=\"Wie k\u00f6nnen wir Ihnen helfen?\" name=\"your-message\"><\/textarea><\/span>\n\t\t<\/p>\n\t<\/div>\n\t<div class=\"form-field full-width\">\n\t\t<p><input class=\"wpcf7-form-control wpcf7-submit has-spinner btn-submit\" type=\"submit\" value=\"NACHRICHT SENDEN\" \/>\n\t\t<\/p>\n\t<\/div>\n<\/div><div class=\"wpcf7-response-output\" aria-hidden=\"true\"><\/div>\n<\/form>\n<\/div>\n<\/div>\n\t\t\t\t\t\t\t\t<\/div>\n\t\t\t\t<\/div>\n\t\t\t\t\t<\/div>\n\t\t\t\t<\/div>\n\t\t\t\t<\/div>\n\t\t","protected":false},"excerpt":{"rendered":"<p>Kontaktieren Sie Blue Rent Wir stehen Ihnen f\u00fcr jedes gesch\u00e4ftliche Angebot oder f\u00fcr weitere Erkl\u00e4rungen gerne zur Verf\u00fcgung. Flughafen Thessaloniki (SKG) Unsere Hauptstation befindet sich nur 3 Minuten vom Flughafen \u201eMakedonia\u201c entfernt. Wir bieten einen kostenlosen Shuttle-Bus-Service f\u00fcr Ihre Kunden an. 15. km Thessaloniki \u2013 Michaniona +30 2310 819990, +30 2310 471455 sales@blue-rent.gr<\/p>\n","protected":false},"author":1,"featured_media":0,"parent":0,"menu_order":0,"comment_status":"closed","ping_status":"closed","template":"","meta":{"footnotes":""},"class_list":["post-361","page","type-page","status-publish","hentry"],"aioseo_notices":[],"_links":{"self":[{"href":"https:\/\/corporate.blue-rent.gr\/de\/wp-json\/wp\/v2\/pages\/361","targetHints":{"allow":["GET"]}}],"collection":[{"href":"https:\/\/corporate.blue-rent.gr\/de\/wp-json\/wp\/v2\/pages"}],"about":[{"href":"https:\/\/corporate.blue-rent.gr\/de\/wp-json\/wp\/v2\/types\/page"}],"author":[{"embeddable":true,"href":"https:\/\/corporate.blue-rent.gr\/de\/wp-json\/wp\/v2\/users\/1"}],"replies":[{"embeddable":true,"href":"https:\/\/corporate.blue-rent.gr\/de\/wp-json\/wp\/v2\/comments?post=361"}],"version-history":[{"count":2,"href":"https:\/\/corporate.blue-rent.gr\/de\/wp-json\/wp\/v2\/pages\/361\/revisions"}],"predecessor-version":[{"id":454,"href":"https:\/\/corporate.blue-rent.gr\/de\/wp-json\/wp\/v2\/pages\/361\/revisions\/454"}],"wp:attachment":[{"href":"https:\/\/corporate.blue-rent.gr\/de\/wp-json\/wp\/v2\/media?parent=361"}],"curies":[{"name":"wp","href":"https:\/\/api.w.org\/{rel}","templated":true}]}}