{"id":351,"date":"2026-03-23T10:36:57","date_gmt":"2026-03-23T10:36:57","guid":{"rendered":"https:\/\/corporate.blue-rent.gr\/startseite\/"},"modified":"2026-03-26T08:19:22","modified_gmt":"2026-03-26T08:19:22","slug":"startseite","status":"publish","type":"page","link":"https:\/\/corporate.blue-rent.gr\/de\/","title":{"rendered":"Startseite"},"content":{"rendered":"\t\t<div data-elementor-type=\"wp-page\" data-elementor-id=\"351\" class=\"elementor elementor-351 elementor-19\" data-elementor-post-type=\"page\">\n\t\t\t\t<div class=\"elementor-element elementor-element-c62921b e-con-full e-flex e-con e-parent\" data-id=\"c62921b\" data-element_type=\"container\" data-e-type=\"container\" data-settings=\"{&quot;background_background&quot;:&quot;classic&quot;}\">\n\t\t\t\t<div class=\"elementor-element elementor-element-22359c2 elementor-widget elementor-widget-text-editor\" data-id=\"22359c2\" data-element_type=\"widget\" data-e-type=\"widget\" data-widget_type=\"text-editor.default\">\n\t\t\t\t\t\t\t\t\t<section class=\"hero-b2b\">\n<div class=\"hero-content with-background\">\n<h1>Strategische Car-Rental-Partnerschaften<\/h1>\n<p>Ma\u00dfgeschneiderte L\u00f6sungen f\u00fcr Reiseveranstalter, Broker &amp; Reiseb\u00fcros in Nordgriechenland.<\/p>\n<div class=\"hero-btns\"><a class=\"btn-primary booking-btn\" href=\"https:\/\/corporate.blue-rent.gr\/partnerships\/#synergasia-form\">Interesse bekunden<\/a><\/div>\n<\/div>\n<\/section>\n\t\t\t\t\t\t\t\t<\/div>\n\t\t\t\t<\/div>\n\t\t<div class=\"elementor-element elementor-element-ac4b4f7 e-con-full e-flex e-con e-parent\" data-id=\"ac4b4f7\" data-element_type=\"container\" data-e-type=\"container\" data-settings=\"{&quot;background_background&quot;:&quot;classic&quot;}\">\n\t\t\t\t<div class=\"elementor-element elementor-element-c56fdfc synergates-section elementor-widget elementor-widget-text-editor\" data-id=\"c56fdfc\" data-element_type=\"widget\" data-e-type=\"widget\" data-widget_type=\"text-editor.default\">\n\t\t\t\t\t\t\t\t\t<section class=\"partners-grid\">\r\n<div class=\"partner-card\">\r\n<div class=\"card-icon\">\ud83c\udf10<\/div>\r\n<h2>Brokers &amp; XML<\/h2>\r\nFortschrittliche API\/XML-Integration f\u00fcr die direkte Anbindung an unseren Fuhrpark und Echtzeit-Verf\u00fcgbarkeit auf weltweiten Vertriebskan\u00e4len.\r\n\r\n<\/div>\r\n<div class=\"partner-card\">\r\n<div class=\"card-icon\">\u2708\ufe0f<\/div>\r\n<h2>Tour Operators &amp; Agencies<\/h2>\r\nStrategische Partnerschaften mit Reiseb\u00fcros, die Net Rates, Priority Booking und ma\u00dfgeschneiderte Fly &amp; Drive-L\u00f6sungen bieten.\r\n\r\n<\/div>\r\n<div class=\"partner-card\">\r\n<div class=\"card-icon\">\ud83c\udfe8<\/div>\r\n<h2>Hotels &amp; Accommodations<\/h2>\r\nWerten Sie den Service Ihrer Unterkunft mit zuverl\u00e4ssigen Mietwagenl\u00f6sungen und der M\u00f6glichkeit von Hotel Delivery &amp; Collection auf.\r\n\r\n<\/div>\r\n<div class=\"partner-card\">\r\n<div class=\"card-icon\">\ud83d\ude97<\/div>\r\n<h2>Car Rental Partnerships<\/h2>\r\nSt\u00e4rken Sie Ihr Portfolio auf Chalkidiki durch eine Sub-Rental-Partnerschaft mit dem zuverl\u00e4ssigsten lokalen Partner in Nordgriechenland.\r\n\r\n<\/div>\r\n<\/section>\t\t\t\t\t\t\t\t<\/div>\n\t\t\t\t<\/div>\n\t\t\t\t<\/div>\n\t\t","protected":false},"excerpt":{"rendered":"<p>Strategische Car-Rental-Partnerschaften Ma\u00dfgeschneiderte L\u00f6sungen f\u00fcr Reiseveranstalter, Broker &amp; Reiseb\u00fcros in Nordgriechenland. Interesse bekunden \ud83c\udf10 Brokers &amp; XML Fortschrittliche API\/XML-Integration f\u00fcr die direkte Anbindung an unseren Fuhrpark und Echtzeit-Verf\u00fcgbarkeit auf weltweiten Vertriebskan\u00e4len. \u2708\ufe0f Tour Operators &amp; Agencies Strategische Partnerschaften mit Reiseb\u00fcros, die Net Rates, Priority Booking und ma\u00dfgeschneiderte Fly &amp; Drive-L\u00f6sungen bieten. \ud83c\udfe8 Hotels &amp; Accommodations [&hellip;]<\/p>\n","protected":false},"author":1,"featured_media":0,"parent":0,"menu_order":0,"comment_status":"closed","ping_status":"closed","template":"","meta":{"footnotes":""},"class_list":["post-351","page","type-page","status-publish","hentry"],"aioseo_notices":[],"_links":{"self":[{"href":"https:\/\/corporate.blue-rent.gr\/de\/wp-json\/wp\/v2\/pages\/351","targetHints":{"allow":["GET"]}}],"collection":[{"href":"https:\/\/corporate.blue-rent.gr\/de\/wp-json\/wp\/v2\/pages"}],"about":[{"href":"https:\/\/corporate.blue-rent.gr\/de\/wp-json\/wp\/v2\/types\/page"}],"author":[{"embeddable":true,"href":"https:\/\/corporate.blue-rent.gr\/de\/wp-json\/wp\/v2\/users\/1"}],"replies":[{"embeddable":true,"href":"https:\/\/corporate.blue-rent.gr\/de\/wp-json\/wp\/v2\/comments?post=351"}],"version-history":[{"count":1,"href":"https:\/\/corporate.blue-rent.gr\/de\/wp-json\/wp\/v2\/pages\/351\/revisions"}],"predecessor-version":[{"id":352,"href":"https:\/\/corporate.blue-rent.gr\/de\/wp-json\/wp\/v2\/pages\/351\/revisions\/352"}],"wp:attachment":[{"href":"https:\/\/corporate.blue-rent.gr\/de\/wp-json\/wp\/v2\/media?parent=351"}],"curies":[{"name":"wp","href":"https:\/\/api.w.org\/{rel}","templated":true}]}}